{"id":516,"date":"2026-01-14T11:08:43","date_gmt":"2026-01-14T10:08:43","guid":{"rendered":"https:\/\/www.spiritnova.it\/prodotto\/billets\/"},"modified":"2026-03-31T10:22:00","modified_gmt":"2026-03-31T08:22:00","slug":"billets","status":"publish","type":"product","link":"https:\/\/www.spiritnova.it\/en\/product\/billets\/","title":{"rendered":"Billets"},"content":{"rendered":"[vc_row type=&#8221;in_container&#8221; full_screen_row_position=&#8221;middle&#8221; column_margin=&#8221;default&#8221; column_direction=&#8221;default&#8221; column_direction_tablet=&#8221;default&#8221; column_direction_phone=&#8221;default&#8221; scene_position=&#8221;center&#8221; text_color=&#8221;dark&#8221; text_align=&#8221;left&#8221; row_border_radius=&#8221;none&#8221; row_border_radius_applies=&#8221;bg&#8221; row_position_desktop=&#8221;default&#8221; row_position_tablet=&#8221;inherit&#8221; row_position_phone=&#8221;inherit&#8221; overflow=&#8221;visible&#8221; overlay_strength=&#8221;0.3&#8243; gradient_direction=&#8221;left_to_right&#8221; shape_divider_position=&#8221;bottom&#8221; bg_image_animation=&#8221;none&#8221;][vc_column column_padding=&#8221;no-extra-padding&#8221; column_padding_tablet=&#8221;inherit&#8221; column_padding_phone=&#8221;inherit&#8221; column_padding_position=&#8221;all&#8221; flex_gap_desktop=&#8221;10px&#8221; column_element_direction_desktop=&#8221;default&#8221; column_element_spacing=&#8221;default&#8221; desktop_text_alignment=&#8221;default&#8221; tablet_text_alignment=&#8221;default&#8221; phone_text_alignment=&#8221;default&#8221; background_color_opacity=&#8221;1&#8243; background_hover_color_opacity=&#8221;1&#8243; column_backdrop_filter=&#8221;none&#8221; column_shadow=&#8221;none&#8221; column_border_radius=&#8221;none&#8221; column_link_target=&#8221;_self&#8221; column_position=&#8221;default&#8221; gradient_direction=&#8221;left_to_right&#8221; overlay_strength=&#8221;0.3&#8243; width=&#8221;1\/1&#8243; tablet_width_inherit=&#8221;default&#8221; animation_type=&#8221;default&#8221; bg_image_animation=&#8221;none&#8221; border_type=&#8221;simple&#8221; column_border_width=&#8221;none&#8221; column_border_style=&#8221;solid&#8221;][vc_column_text css=&#8221;&#8221; text_direction=&#8221;default&#8221;]\n<h2><strong><span style=\"color: #eb6025;\">Spiritnova Prima billets:<\/span> safety, detail and innovative design<br \/>\n<\/strong><\/h2>\n[\/vc_column_text][vc_column_text css=&#8221;&#8221; text_direction=&#8221;default&#8221;]Spiritnova Prima billets are essential components designed to ensure perfect saddle stability on the horse, combining safety, functionality and refined craftsmanship. Even in this element, we wanted to express our vision: every part of the saddle must be not only highly functional, but also aesthetically coherent and beautifully designed.<\/p>\n<p>Our four billets are made from high-quality Biothane, a material renowned for its strength, durability and ease of maintenance. They are entirely produced in Italy, in the province of Vicenza, through artisanal manufacturing focused on every detail.<\/p>\n<p>Each billet is enriched with premium Italian leather details \u2014 the same leather used for the Spiritnova Prima seat \u2014 ensuring visual continuity, elegance and material consistency throughout the saddle.<\/p>\n<p>At the top of each billet, highly resistant nylon loops are integrated, designed to allow easy and secure attachment to the lattice structure, the saddle\u2019s main supporting frame. This solution guarantees stable and reliable fixation, ensuring the saddle remains correctly positioned during every phase of riding.<\/p>\n<p>Spiritnova Prima billets are designed and manufactured directly by us because we believe attention to detail truly makes the difference: they are not simple accessories, but essential components contributing to the overall quality of the saddle.<\/p>\n<p>Their design is unique and perfectly aligned with the Spiritnova Prima saddle, created to integrate harmoniously with its shapes and style, reinforcing the identity of a saddle where technology, craftsmanship and innovation coexist in perfect balance.[\/vc_column_text][divider line_type=&#8221;No Line&#8221; custom_height=&#8221;80px&#8221;][vc_row_inner equal_height=&#8221;yes&#8221; column_margin=&#8221;50px&#8221; column_direction=&#8221;default&#8221; column_direction_tablet=&#8221;default&#8221; column_direction_phone=&#8221;default&#8221; text_align=&#8221;left&#8221; row_position=&#8221;default&#8221; row_position_tablet=&#8221;inherit&#8221; row_position_phone=&#8221;inherit&#8221; overflow=&#8221;visible&#8221; pointer_events=&#8221;all&#8221;][vc_column_inner column_padding=&#8221;padding-3-percent&#8221; column_padding_tablet=&#8221;padding-5-percent&#8221; column_padding_phone=&#8221;padding-5-percent&#8221; column_padding_position=&#8221;all&#8221; column_element_direction_desktop=&#8221;default&#8221; column_element_spacing=&#8221;default&#8221; desktop_text_alignment=&#8221;default&#8221; tablet_text_alignment=&#8221;default&#8221; phone_text_alignment=&#8221;default&#8221; background_color=&#8221;#FBF5EE&#8221; background_color_opacity=&#8221;1&#8243; background_hover_color_opacity=&#8221;1&#8243; column_backdrop_filter=&#8221;none&#8221; column_shadow=&#8221;none&#8221; column_border_radius=&#8221;15px&#8221; column_link_target=&#8221;_self&#8221; overflow=&#8221;visible&#8221; gradient_direction=&#8221;left_to_right&#8221; overlay_strength=&#8221;0.3&#8243; width=&#8221;1\/2&#8243; tablet_width_inherit=&#8221;default&#8221; animation_type=&#8221;default&#8221; bg_image_animation=&#8221;none&#8221; border_type=&#8221;simple&#8221; column_border_width=&#8221;none&#8221; column_border_style=&#8221;solid&#8221; column_padding_type=&#8221;default&#8221; content_layout=&#8221;default&#8221; gradient_type=&#8221;default&#8221;][image_with_animation image_url=&#8221;340&#8243; image_size=&#8221;full&#8221; max_width=&#8221;100%&#8221; max_width_mobile=&#8221;default&#8221; animation_type=&#8221;entrance&#8221; animation=&#8221;None&#8221; animation_movement_type=&#8221;transform_y&#8221; hover_animation=&#8221;none&#8221; alignment=&#8221;right&#8221; border_radius=&#8221;none&#8221; box_shadow=&#8221;none&#8221; image_loading=&#8221;default&#8221; el_class=&#8221;made-in-italy&#8221;][vc_column_text css=&#8221;&#8221; text_direction=&#8221;default&#8221;]\n<h3><strong>Italian Craftsmanship<\/strong><\/h3>\n[\/vc_column_text][vc_column_text css=&#8221;&#8221; text_direction=&#8221;default&#8221;]Spiritnova Prima is entirely produced in Italy, with leather components handcrafted in the province of Vicenza. Every detail results from the meeting of manufacturing tradition and innovative engineering.<\/p>\n<blockquote><p><strong>Ogni sella \u00e8 un pezzo unico<\/strong><\/p><\/blockquote>\n<p>Ogni Spiritnova Prima \u00e8 contrassegnata da un numero seriale impresso nella pelle del seggio: un segno di tracciabilit\u00e0, autenticit\u00e0 e valore artigianale.<br data-start=\"432\" data-end=\"435\">Ogni sella \u00e8 realizzata a mano e identificata come pezzo unico, pensata per accompagnare cavallo e cavaliere nel tempo.[\/vc_column_text][\/vc_column_inner][vc_column_inner column_padding=&#8221;padding-3-percent&#8221; column_padding_tablet=&#8221;padding-5-percent&#8221; column_padding_phone=&#8221;padding-5-percent&#8221; column_padding_position=&#8221;all&#8221; column_element_direction_desktop=&#8221;default&#8221; column_element_spacing=&#8221;default&#8221; desktop_text_alignment=&#8221;default&#8221; tablet_text_alignment=&#8221;default&#8221; phone_text_alignment=&#8221;default&#8221; background_color=&#8221;#EB6025&#8243; background_color_opacity=&#8221;1&#8243; background_hover_color_opacity=&#8221;1&#8243; column_backdrop_filter=&#8221;none&#8221; font_color=&#8221;#FFFFFF&#8221; column_shadow=&#8221;none&#8221; column_border_radius=&#8221;15px&#8221; column_link_target=&#8221;_self&#8221; overflow=&#8221;visible&#8221; gradient_direction=&#8221;left_to_right&#8221; overlay_strength=&#8221;0.3&#8243; width=&#8221;1\/2&#8243; tablet_width_inherit=&#8221;default&#8221; animation_type=&#8221;default&#8221; bg_image_animation=&#8221;none&#8221; border_type=&#8221;simple&#8221; column_border_width=&#8221;none&#8221; column_border_style=&#8221;solid&#8221; column_padding_type=&#8221;default&#8221; content_layout=&#8221;default&#8221; gradient_type=&#8221;default&#8221;][vc_column_text css=&#8221;&#8221; text_direction=&#8221;default&#8221;]\n<h3>The set includes<\/h3>\n<ul>\n<li>4 BIOTHANE\u00ae billets*<\/li>\n<\/ul>\n<p><em>* Specifications:<\/em><br \/>\nWidth: approx. 25 mm (1\u2033 inch)<br \/>\nThickness: approx. 2.4\u20132.7 mm<br \/>\nBreaking strength: 454 kg (1000 lbs)<\/p>\n<h3><strong>Warranty<\/strong><\/h3>\n<p>2 years from purchase[\/vc_column_text][nectar_btn size=&#8221;jumbo&#8221; open_new_tab=&#8221;true&#8221; button_style=&#8221;regular&#8221; button_color_2=&#8221;Extra-Color-2&#8243; icon_family=&#8221;fontawesome&#8221; url=&#8221;https:\/\/www.spiritnova.it\/wp-content\/uploads\/2026\/03\/IT-manuale-cura-e-manutenzione-selle-spiritnova.pdf&#8221; text=&#8221;Maintenance and Care Guide&#8221; css_animation=&#8221;zoomIn&#8221; icon_fontawesome=&#8221;fa fa-file-pdf-o&#8221;][\/vc_column_inner][\/vc_row_inner][divider line_type=&#8221;Full Width Line&#8221; line_thickness=&#8221;5&#8243; divider_color=&#8221;extra-color-1&#8243; animate=&#8221;yes&#8221; custom_height=&#8221;200px&#8221;][\/vc_column][\/vc_row]\n","protected":false},"excerpt":{"rendered":"<p>[vc_row type=&#8221;in_container&#8221; full_screen_row_position=&#8221;middle&#8221; column_margin=&#8221;default&#8221; column_direction=&#8221;default&#8221; column_direction_tablet=&#8221;default&#8221; column_direction_phone=&#8221;default&#8221; scene_position=&#8221;center&#8221; text_color=&#8221;dark&#8221; text_align=&#8221;left&#8221; row_border_radius=&#8221;none&#8221; row_border_radius_applies=&#8221;bg&#8221; row_position_desktop=&#8221;default&#8221; row_position_tablet=&#8221;inherit&#8221; row_position_phone=&#8221;inherit&#8221; overflow=&#8221;visible&#8221; overlay_strength=&#8221;0.3&#8243; gradient_direction=&#8221;left_to_right&#8221; shape_divider_position=&#8221;bottom&#8221; bg_image_animation=&#8221;none&#8221;][vc_column column_padding=&#8221;no-extra-padding&#8221; column_padding_tablet=&#8221;inherit&#8221; column_padding_phone=&#8221;inherit&#8221; column_padding_position=&#8221;all&#8221; flex_gap_desktop=&#8221;10px&#8221; column_element_direction_desktop=&#8221;default&#8221; column_element_spacing=&#8221;default&#8221; desktop_text_alignment=&#8221;default&#8221; tablet_text_alignment=&#8221;default&#8221; phone_text_alignment=&#8221;default&#8221;&#8230;<\/p>\n","protected":false},"featured_media":834,"comment_status":"closed","ping_status":"closed","template":"","meta":[],"product_brand":[],"product_cat":[44],"product_tag":[],"class_list":{"0":"post-516","1":"product","2":"type-product","3":"status-publish","4":"has-post-thumbnail","6":"product_cat-accessories","7":"product_shipping_class-billets","9":"first","10":"instock","11":"taxable","12":"shipping-taxable","13":"purchasable","14":"product-type-variable","15":"has-default-attributes"},"yoast_head":"<!-- This site is optimized with the Yoast SEO plugin v27.0 - https:\/\/yoast.com\/product\/yoast-seo-wordpress\/ -->\n<title>Billets - Spiritnova | The only saddle that truly cares for your horse\u2019s health<\/title>\n<meta name=\"robots\" content=\"index, follow, max-snippet:-1, max-image-preview:large, max-video-preview:-1\" \/>\n<link rel=\"canonical\" href=\"https:\/\/www.spiritnova.it\/en\/product\/billets\/\" \/>\n<meta property=\"og:locale\" content=\"en_US\" \/>\n<meta property=\"og:type\" content=\"article\" \/>\n<meta property=\"og:title\" content=\"Billets - Spiritnova | The only saddle that truly cares for your horse\u2019s health\" \/>\n<meta property=\"og:description\" content=\"[vc_row type=&#8221;in_container&#8221; full_screen_row_position=&#8221;middle&#8221; column_margin=&#8221;default&#8221; column_direction=&#8221;default&#8221; column_direction_tablet=&#8221;default&#8221; column_direction_phone=&#8221;default&#8221; scene_position=&#8221;center&#8221; text_color=&#8221;dark&#8221; text_align=&#8221;left&#8221; row_border_radius=&#8221;none&#8221; row_border_radius_applies=&#8221;bg&#8221; row_position_desktop=&#8221;default&#8221; row_position_tablet=&#8221;inherit&#8221; row_position_phone=&#8221;inherit&#8221; overflow=&#8221;visible&#8221; overlay_strength=&#8221;0.3&#8243; gradient_direction=&#8221;left_to_right&#8221; shape_divider_position=&#8221;bottom&#8221; bg_image_animation=&#8221;none&#8221;][vc_column column_padding=&#8221;no-extra-padding&#8221; column_padding_tablet=&#8221;inherit&#8221; column_padding_phone=&#8221;inherit&#8221; column_padding_position=&#8221;all&#8221; flex_gap_desktop=&#8221;10px&#8221; column_element_direction_desktop=&#8221;default&#8221; column_element_spacing=&#8221;default&#8221; desktop_text_alignment=&#8221;default&#8221; tablet_text_alignment=&#8221;default&#8221; phone_text_alignment=&#8221;default&#8221;...\" \/>\n<meta property=\"og:url\" content=\"https:\/\/www.spiritnova.it\/en\/product\/billets\/\" \/>\n<meta property=\"og:site_name\" content=\"Spiritnova | The only saddle that truly cares for your horse\u2019s health\" \/>\n<meta property=\"article:publisher\" content=\"https:\/\/www.facebook.com\/spiritnovahorsesaddles\/\" \/>\n<meta property=\"article:modified_time\" content=\"2026-03-31T08:22:00+00:00\" \/>\n<meta property=\"og:image\" content=\"https:\/\/www.spiritnova.it\/wp-content\/uploads\/2026\/03\/01-riscontri-per-sella-da-trekking-arancioni-neri-prima-spiritnova.jpg\" \/>\n\t<meta property=\"og:image:width\" content=\"1200\" \/>\n\t<meta property=\"og:image:height\" content=\"1200\" \/>\n\t<meta property=\"og:image:type\" content=\"image\/jpeg\" \/>\n<meta name=\"twitter:card\" content=\"summary_large_image\" \/>\n<meta name=\"twitter:label1\" content=\"Est. reading time\" \/>\n\t<meta name=\"twitter:data1\" content=\"5 minutes\" \/>\n<script type=\"application\/ld+json\" class=\"yoast-schema-graph\">{\"@context\":\"https:\/\/schema.org\",\"@graph\":[{\"@type\":\"WebPage\",\"@id\":\"https:\/\/www.spiritnova.it\/en\/product\/billets\/\",\"url\":\"https:\/\/www.spiritnova.it\/en\/product\/billets\/\",\"name\":\"Billets - Spiritnova | The only saddle that truly cares for your horse\u2019s health\",\"isPartOf\":{\"@id\":\"https:\/\/www.spiritnova.it\/en\/#website\"},\"primaryImageOfPage\":{\"@id\":\"https:\/\/www.spiritnova.it\/en\/product\/billets\/#primaryimage\"},\"image\":{\"@id\":\"https:\/\/www.spiritnova.it\/en\/product\/billets\/#primaryimage\"},\"thumbnailUrl\":\"https:\/\/www.spiritnova.it\/wp-content\/uploads\/2026\/03\/01-riscontri-per-sella-da-trekking-arancioni-neri-prima-spiritnova.jpg\",\"datePublished\":\"2026-01-14T10:08:43+00:00\",\"dateModified\":\"2026-03-31T08:22:00+00:00\",\"breadcrumb\":{\"@id\":\"https:\/\/www.spiritnova.it\/en\/product\/billets\/#breadcrumb\"},\"inLanguage\":\"en-US\",\"potentialAction\":[{\"@type\":\"ReadAction\",\"target\":[\"https:\/\/www.spiritnova.it\/en\/product\/billets\/\"]}]},{\"@type\":\"ImageObject\",\"inLanguage\":\"en-US\",\"@id\":\"https:\/\/www.spiritnova.it\/en\/product\/billets\/#primaryimage\",\"url\":\"https:\/\/www.spiritnova.it\/wp-content\/uploads\/2026\/03\/01-riscontri-per-sella-da-trekking-arancioni-neri-prima-spiritnova.jpg\",\"contentUrl\":\"https:\/\/www.spiritnova.it\/wp-content\/uploads\/2026\/03\/01-riscontri-per-sella-da-trekking-arancioni-neri-prima-spiritnova.jpg\",\"width\":1200,\"height\":1200,\"caption\":\"01 riscontri per sella da trekking arancioni-neri prima spiritnova\"},{\"@type\":\"BreadcrumbList\",\"@id\":\"https:\/\/www.spiritnova.it\/en\/product\/billets\/#breadcrumb\",\"itemListElement\":[{\"@type\":\"ListItem\",\"position\":1,\"name\":\"Home\",\"item\":\"https:\/\/www.spiritnova.it\/en\/\"},{\"@type\":\"ListItem\",\"position\":2,\"name\":\"Shop\",\"item\":\"https:\/\/www.spiritnova.it\/en\/shop\/\"},{\"@type\":\"ListItem\",\"position\":3,\"name\":\"Billets\"}]},{\"@type\":\"WebSite\",\"@id\":\"https:\/\/www.spiritnova.it\/en\/#website\",\"url\":\"https:\/\/www.spiritnova.it\/en\/\",\"name\":\"Spiritnova | L\u2019unica sella che pensa alla salute del cavallo\",\"description\":\"Spiritnova Prima \u00e8 l&#039;unica sella da equitazione ergonomica, universale, brevettata e sicura che segue il movimento del cavallo durante il movimento garantendo salute, benessere, comfort e prestazione.\",\"publisher\":{\"@id\":\"https:\/\/www.spiritnova.it\/en\/#organization\"},\"potentialAction\":[{\"@type\":\"SearchAction\",\"target\":{\"@type\":\"EntryPoint\",\"urlTemplate\":\"https:\/\/www.spiritnova.it\/en\/?s={search_term_string}\"},\"query-input\":{\"@type\":\"PropertyValueSpecification\",\"valueRequired\":true,\"valueName\":\"search_term_string\"}}],\"inLanguage\":\"en-US\"},{\"@type\":\"Organization\",\"@id\":\"https:\/\/www.spiritnova.it\/en\/#organization\",\"name\":\"Spiritnova | The only saddle that truly cares for your horse\u2019s health\",\"url\":\"https:\/\/www.spiritnova.it\/en\/\",\"logo\":{\"@type\":\"ImageObject\",\"inLanguage\":\"en-US\",\"@id\":\"https:\/\/www.spiritnova.it\/en\/#\/schema\/logo\/image\/\",\"url\":\"https:\/\/www.spiritnova.it\/wp-content\/uploads\/2026\/02\/logo-spiritnova-email.png\",\"contentUrl\":\"https:\/\/www.spiritnova.it\/wp-content\/uploads\/2026\/02\/logo-spiritnova-email.png\",\"width\":310,\"height\":213,\"caption\":\"Spiritnova | The only saddle that truly cares for your horse\u2019s health\"},\"image\":{\"@id\":\"https:\/\/www.spiritnova.it\/en\/#\/schema\/logo\/image\/\"},\"sameAs\":[\"https:\/\/www.facebook.com\/spiritnovahorsesaddles\/\",\"https:\/\/www.instagram.com\/spiritnovahorsesaddles\/\"]}]}<\/script>\n<!-- \/ Yoast SEO plugin. -->","yoast_head_json":{"title":"Billets - Spiritnova | The only saddle that truly cares for your horse\u2019s health","robots":{"index":"index","follow":"follow","max-snippet":"max-snippet:-1","max-image-preview":"max-image-preview:large","max-video-preview":"max-video-preview:-1"},"canonical":"https:\/\/www.spiritnova.it\/en\/product\/billets\/","og_locale":"en_US","og_type":"article","og_title":"Billets - Spiritnova | The only saddle that truly cares for your horse\u2019s health","og_description":"[vc_row type=&#8221;in_container&#8221; full_screen_row_position=&#8221;middle&#8221; column_margin=&#8221;default&#8221; column_direction=&#8221;default&#8221; column_direction_tablet=&#8221;default&#8221; column_direction_phone=&#8221;default&#8221; scene_position=&#8221;center&#8221; text_color=&#8221;dark&#8221; text_align=&#8221;left&#8221; row_border_radius=&#8221;none&#8221; row_border_radius_applies=&#8221;bg&#8221; row_position_desktop=&#8221;default&#8221; row_position_tablet=&#8221;inherit&#8221; row_position_phone=&#8221;inherit&#8221; overflow=&#8221;visible&#8221; overlay_strength=&#8221;0.3&#8243; gradient_direction=&#8221;left_to_right&#8221; shape_divider_position=&#8221;bottom&#8221; bg_image_animation=&#8221;none&#8221;][vc_column column_padding=&#8221;no-extra-padding&#8221; column_padding_tablet=&#8221;inherit&#8221; column_padding_phone=&#8221;inherit&#8221; column_padding_position=&#8221;all&#8221; flex_gap_desktop=&#8221;10px&#8221; column_element_direction_desktop=&#8221;default&#8221; column_element_spacing=&#8221;default&#8221; desktop_text_alignment=&#8221;default&#8221; tablet_text_alignment=&#8221;default&#8221; phone_text_alignment=&#8221;default&#8221;...","og_url":"https:\/\/www.spiritnova.it\/en\/product\/billets\/","og_site_name":"Spiritnova | The only saddle that truly cares for your horse\u2019s health","article_publisher":"https:\/\/www.facebook.com\/spiritnovahorsesaddles\/","article_modified_time":"2026-03-31T08:22:00+00:00","og_image":[{"width":1200,"height":1200,"url":"https:\/\/www.spiritnova.it\/wp-content\/uploads\/2026\/03\/01-riscontri-per-sella-da-trekking-arancioni-neri-prima-spiritnova.jpg","type":"image\/jpeg"}],"twitter_card":"summary_large_image","twitter_misc":{"Est. reading time":"5 minutes"},"schema":{"@context":"https:\/\/schema.org","@graph":[{"@type":"WebPage","@id":"https:\/\/www.spiritnova.it\/en\/product\/billets\/","url":"https:\/\/www.spiritnova.it\/en\/product\/billets\/","name":"Billets - Spiritnova | The only saddle that truly cares for your horse\u2019s health","isPartOf":{"@id":"https:\/\/www.spiritnova.it\/en\/#website"},"primaryImageOfPage":{"@id":"https:\/\/www.spiritnova.it\/en\/product\/billets\/#primaryimage"},"image":{"@id":"https:\/\/www.spiritnova.it\/en\/product\/billets\/#primaryimage"},"thumbnailUrl":"https:\/\/www.spiritnova.it\/wp-content\/uploads\/2026\/03\/01-riscontri-per-sella-da-trekking-arancioni-neri-prima-spiritnova.jpg","datePublished":"2026-01-14T10:08:43+00:00","dateModified":"2026-03-31T08:22:00+00:00","breadcrumb":{"@id":"https:\/\/www.spiritnova.it\/en\/product\/billets\/#breadcrumb"},"inLanguage":"en-US","potentialAction":[{"@type":"ReadAction","target":["https:\/\/www.spiritnova.it\/en\/product\/billets\/"]}]},{"@type":"ImageObject","inLanguage":"en-US","@id":"https:\/\/www.spiritnova.it\/en\/product\/billets\/#primaryimage","url":"https:\/\/www.spiritnova.it\/wp-content\/uploads\/2026\/03\/01-riscontri-per-sella-da-trekking-arancioni-neri-prima-spiritnova.jpg","contentUrl":"https:\/\/www.spiritnova.it\/wp-content\/uploads\/2026\/03\/01-riscontri-per-sella-da-trekking-arancioni-neri-prima-spiritnova.jpg","width":1200,"height":1200,"caption":"01 riscontri per sella da trekking arancioni-neri prima spiritnova"},{"@type":"BreadcrumbList","@id":"https:\/\/www.spiritnova.it\/en\/product\/billets\/#breadcrumb","itemListElement":[{"@type":"ListItem","position":1,"name":"Home","item":"https:\/\/www.spiritnova.it\/en\/"},{"@type":"ListItem","position":2,"name":"Shop","item":"https:\/\/www.spiritnova.it\/en\/shop\/"},{"@type":"ListItem","position":3,"name":"Billets"}]},{"@type":"WebSite","@id":"https:\/\/www.spiritnova.it\/en\/#website","url":"https:\/\/www.spiritnova.it\/en\/","name":"Spiritnova | L\u2019unica sella che pensa alla salute del cavallo","description":"Spiritnova Prima \u00e8 l&#039;unica sella da equitazione ergonomica, universale, brevettata e sicura che segue il movimento del cavallo durante il movimento garantendo salute, benessere, comfort e prestazione.","publisher":{"@id":"https:\/\/www.spiritnova.it\/en\/#organization"},"potentialAction":[{"@type":"SearchAction","target":{"@type":"EntryPoint","urlTemplate":"https:\/\/www.spiritnova.it\/en\/?s={search_term_string}"},"query-input":{"@type":"PropertyValueSpecification","valueRequired":true,"valueName":"search_term_string"}}],"inLanguage":"en-US"},{"@type":"Organization","@id":"https:\/\/www.spiritnova.it\/en\/#organization","name":"Spiritnova | The only saddle that truly cares for your horse\u2019s health","url":"https:\/\/www.spiritnova.it\/en\/","logo":{"@type":"ImageObject","inLanguage":"en-US","@id":"https:\/\/www.spiritnova.it\/en\/#\/schema\/logo\/image\/","url":"https:\/\/www.spiritnova.it\/wp-content\/uploads\/2026\/02\/logo-spiritnova-email.png","contentUrl":"https:\/\/www.spiritnova.it\/wp-content\/uploads\/2026\/02\/logo-spiritnova-email.png","width":310,"height":213,"caption":"Spiritnova | The only saddle that truly cares for your horse\u2019s health"},"image":{"@id":"https:\/\/www.spiritnova.it\/en\/#\/schema\/logo\/image\/"},"sameAs":["https:\/\/www.facebook.com\/spiritnovahorsesaddles\/","https:\/\/www.instagram.com\/spiritnovahorsesaddles\/"]}]}},"_links":{"self":[{"href":"https:\/\/www.spiritnova.it\/en\/wp-json\/wp\/v2\/product\/516","targetHints":{"allow":["GET"]}}],"collection":[{"href":"https:\/\/www.spiritnova.it\/en\/wp-json\/wp\/v2\/product"}],"about":[{"href":"https:\/\/www.spiritnova.it\/en\/wp-json\/wp\/v2\/types\/product"}],"replies":[{"embeddable":true,"href":"https:\/\/www.spiritnova.it\/en\/wp-json\/wp\/v2\/comments?post=516"}],"wp:featuredmedia":[{"embeddable":true,"href":"https:\/\/www.spiritnova.it\/en\/wp-json\/wp\/v2\/media\/834"}],"wp:attachment":[{"href":"https:\/\/www.spiritnova.it\/en\/wp-json\/wp\/v2\/media?parent=516"}],"wp:term":[{"taxonomy":"product_brand","embeddable":true,"href":"https:\/\/www.spiritnova.it\/en\/wp-json\/wp\/v2\/product_brand?post=516"},{"taxonomy":"product_cat","embeddable":true,"href":"https:\/\/www.spiritnova.it\/en\/wp-json\/wp\/v2\/product_cat?post=516"},{"taxonomy":"product_tag","embeddable":true,"href":"https:\/\/www.spiritnova.it\/en\/wp-json\/wp\/v2\/product_tag?post=516"}],"curies":[{"name":"wp","href":"https:\/\/api.w.org\/{rel}","templated":true}]}}