{"id":513,"date":"2026-01-13T17:12:38","date_gmt":"2026-01-13T16:12:38","guid":{"rendered":"https:\/\/www.spiritnova.it\/prodotto\/seat\/"},"modified":"2026-03-31T10:20:23","modified_gmt":"2026-03-31T08:20:23","slug":"seat","status":"publish","type":"product","link":"https:\/\/www.spiritnova.it\/en\/product\/seat\/","title":{"rendered":"Seat"},"content":{"rendered":"[vc_row type=&#8221;in_container&#8221; full_screen_row_position=&#8221;middle&#8221; column_margin=&#8221;default&#8221; column_direction=&#8221;default&#8221; column_direction_tablet=&#8221;default&#8221; column_direction_phone=&#8221;default&#8221; scene_position=&#8221;center&#8221; text_color=&#8221;dark&#8221; text_align=&#8221;left&#8221; row_border_radius=&#8221;none&#8221; row_border_radius_applies=&#8221;bg&#8221; row_position_desktop=&#8221;default&#8221; row_position_tablet=&#8221;inherit&#8221; row_position_phone=&#8221;inherit&#8221; overflow=&#8221;visible&#8221; overlay_strength=&#8221;0.3&#8243; gradient_direction=&#8221;left_to_right&#8221; shape_divider_position=&#8221;bottom&#8221; bg_image_animation=&#8221;none&#8221;][vc_column column_padding=&#8221;no-extra-padding&#8221; column_padding_tablet=&#8221;inherit&#8221; column_padding_phone=&#8221;inherit&#8221; column_padding_position=&#8221;all&#8221; flex_gap_desktop=&#8221;10px&#8221; column_element_direction_desktop=&#8221;default&#8221; column_element_spacing=&#8221;default&#8221; desktop_text_alignment=&#8221;default&#8221; tablet_text_alignment=&#8221;default&#8221; phone_text_alignment=&#8221;default&#8221; background_color_opacity=&#8221;1&#8243; background_hover_color_opacity=&#8221;1&#8243; column_backdrop_filter=&#8221;none&#8221; column_shadow=&#8221;none&#8221; column_border_radius=&#8221;none&#8221; column_link_target=&#8221;_self&#8221; column_position=&#8221;default&#8221; gradient_direction=&#8221;left_to_right&#8221; overlay_strength=&#8221;0.3&#8243; width=&#8221;1\/1&#8243; tablet_width_inherit=&#8221;default&#8221; animation_type=&#8221;default&#8221; bg_image_animation=&#8221;none&#8221; border_type=&#8221;simple&#8221; column_border_width=&#8221;none&#8221; column_border_style=&#8221;solid&#8221;][vc_column_text css=&#8221;&#8221; text_direction=&#8221;default&#8221;]\n<h2><strong><span style=\"color: #eb6025;\">Spiritnova Prima seat: <\/span>comfort, style and innovative design<\/strong><\/h2>\n[\/vc_column_text][vc_column_text css=&#8221;&#8221; text_direction=&#8221;default&#8221;]The Spiritnova Prima seat represents the core connection between rider and saddle: it is the direct point of contact with the body, and for this reason it has been designed with ergonomics, comfort and wellbeing at its centre \u2014 without compromising distinctive style and innovative design.<\/p>\n<p>Crafted exclusively from the highest-quality Italian leather and handmade in the province of Vicenza, the seat is fully customisable in colour, allowing each rider to make their saddle truly unique. The selected leather ensures softness, grip and durability, preserving its beauty even under intensive use.<\/p>\n<p>As every Spiritnova Prima is a unique piece, when purchasing the seat the customer provides the saddle\u2019s serial number. The same number is embossed into the leather of the seat, ensuring that saddle and seat share the same identity \u2014 a distinctive mark that tells the story of each horse and rider.<\/p>\n<p>The Spiritnova Prima seat has been engineered for ergonomic comfort, featuring supportive padding that embraces the rider and distributes weight correctly, offering stability and complete comfort during every phase of riding.<\/p>\n<p>A distinctive feature is the central opening, designed to reduce pressure in sensitive areas, improve circulation and ensure superior comfort during prolonged use, supporting correct posture and preventing compression discomfort.<\/p>\n<p>The seat structure consists of a high-impact ABS plate, providing excellent strength and flexibility. This component has been entirely designed by us, with every curve carefully studied to achieve maximum ergonomics. It is also produced in Italy, in the province of Lecco, combining technological innovation with manufacturing excellence.<\/p>\n<p>Like the Spiritnova Prima flaps, the seat is designed to be easily interchangeable, allowing replacement for aesthetic reasons or wear, keeping the saddle always fresh, refined and perfectly aligned with the rider\u2019s style.<\/p>\n<p>With Spiritnova, every detail is created to deliver a riding experience where technology, craftsmanship and innovative design merge in perfect harmony.[\/vc_column_text][divider line_type=&#8221;No Line&#8221; custom_height=&#8221;80px&#8221;][vc_row_inner equal_height=&#8221;yes&#8221; column_margin=&#8221;50px&#8221; column_direction=&#8221;default&#8221; column_direction_tablet=&#8221;default&#8221; column_direction_phone=&#8221;default&#8221; text_align=&#8221;left&#8221; row_position=&#8221;default&#8221; row_position_tablet=&#8221;inherit&#8221; row_position_phone=&#8221;inherit&#8221; overflow=&#8221;visible&#8221; pointer_events=&#8221;all&#8221;][vc_column_inner column_padding=&#8221;padding-3-percent&#8221; column_padding_tablet=&#8221;padding-5-percent&#8221; column_padding_phone=&#8221;padding-5-percent&#8221; column_padding_position=&#8221;all&#8221; column_element_direction_desktop=&#8221;default&#8221; column_element_spacing=&#8221;default&#8221; desktop_text_alignment=&#8221;default&#8221; tablet_text_alignment=&#8221;default&#8221; phone_text_alignment=&#8221;default&#8221; background_color=&#8221;#FBF5EE&#8221; background_color_opacity=&#8221;1&#8243; background_hover_color_opacity=&#8221;1&#8243; column_backdrop_filter=&#8221;none&#8221; column_shadow=&#8221;none&#8221; column_border_radius=&#8221;15px&#8221; column_link_target=&#8221;_self&#8221; overflow=&#8221;visible&#8221; gradient_direction=&#8221;left_to_right&#8221; overlay_strength=&#8221;0.3&#8243; width=&#8221;1\/2&#8243; tablet_width_inherit=&#8221;default&#8221; animation_type=&#8221;default&#8221; bg_image_animation=&#8221;none&#8221; border_type=&#8221;simple&#8221; column_border_width=&#8221;none&#8221; column_border_style=&#8221;solid&#8221; column_padding_type=&#8221;default&#8221; content_layout=&#8221;default&#8221; gradient_type=&#8221;default&#8221;][image_with_animation image_url=&#8221;340&#8243; image_size=&#8221;full&#8221; max_width=&#8221;100%&#8221; max_width_mobile=&#8221;default&#8221; animation_type=&#8221;entrance&#8221; animation=&#8221;None&#8221; animation_movement_type=&#8221;transform_y&#8221; hover_animation=&#8221;none&#8221; alignment=&#8221;right&#8221; border_radius=&#8221;none&#8221; box_shadow=&#8221;none&#8221; image_loading=&#8221;default&#8221; el_class=&#8221;made-in-italy&#8221;][vc_column_text css=&#8221;&#8221; text_direction=&#8221;default&#8221;]\n<h3><strong>Italian Craftsmanship<\/strong><\/h3>\n[\/vc_column_text][vc_column_text css=&#8221;&#8221; text_direction=&#8221;default&#8221;]Spiritnova Prima is entirely produced in Italy, with leather components handcrafted in the province of Vicenza. Every detail results from the meeting of manufacturing tradition and innovative engineering.<\/p>\n<blockquote><p><strong>Ogni sella \u00e8 un pezzo unico<\/strong><\/p><\/blockquote>\n<p>Ogni Spiritnova Prima \u00e8 contrassegnata da un numero seriale impresso nella pelle del seggio: un segno di tracciabilit\u00e0, autenticit\u00e0 e valore artigianale.<br data-start=\"432\" data-end=\"435\">Ogni sella \u00e8 realizzata a mano e identificata come pezzo unico, pensata per accompagnare cavallo e cavaliere nel tempo.[\/vc_column_text][\/vc_column_inner][vc_column_inner column_padding=&#8221;padding-3-percent&#8221; column_padding_tablet=&#8221;padding-5-percent&#8221; column_padding_phone=&#8221;padding-5-percent&#8221; column_padding_position=&#8221;all&#8221; column_element_direction_desktop=&#8221;default&#8221; column_element_spacing=&#8221;default&#8221; desktop_text_alignment=&#8221;default&#8221; tablet_text_alignment=&#8221;default&#8221; phone_text_alignment=&#8221;default&#8221; background_color=&#8221;#EB6025&#8243; background_color_opacity=&#8221;1&#8243; background_hover_color_opacity=&#8221;1&#8243; column_backdrop_filter=&#8221;none&#8221; font_color=&#8221;#FFFFFF&#8221; column_shadow=&#8221;none&#8221; column_border_radius=&#8221;15px&#8221; column_link_target=&#8221;_self&#8221; overflow=&#8221;visible&#8221; gradient_direction=&#8221;left_to_right&#8221; overlay_strength=&#8221;0.3&#8243; width=&#8221;1\/2&#8243; tablet_width_inherit=&#8221;default&#8221; animation_type=&#8221;default&#8221; bg_image_animation=&#8221;none&#8221; border_type=&#8221;simple&#8221; column_border_width=&#8221;none&#8221; column_border_style=&#8221;solid&#8221; column_padding_type=&#8221;default&#8221; content_layout=&#8221;default&#8221; gradient_type=&#8221;default&#8221;][vc_column_text css=&#8221;&#8221; text_direction=&#8221;default&#8221;]\n<h3>The set includes<\/h3>\n<ul>\n<li>1 Seat<\/li>\n<\/ul>\n<h3><strong>Warranty<\/strong><\/h3>\n<p>2 years from purchase[\/vc_column_text][nectar_btn size=&#8221;jumbo&#8221; open_new_tab=&#8221;true&#8221; button_style=&#8221;regular&#8221; button_color_2=&#8221;Extra-Color-2&#8243; icon_family=&#8221;fontawesome&#8221; url=&#8221;https:\/\/www.spiritnova.it\/wp-content\/uploads\/2026\/03\/IT-manuale-cura-e-manutenzione-selle-spiritnova.pdf&#8221; text=&#8221;Maintenance and Care Guide&#8221; css_animation=&#8221;zoomIn&#8221; icon_fontawesome=&#8221;fa fa-file-pdf-o&#8221;][\/vc_column_inner][\/vc_row_inner][divider line_type=&#8221;Full Width Line&#8221; line_thickness=&#8221;5&#8243; divider_color=&#8221;extra-color-1&#8243; animate=&#8221;yes&#8221; custom_height=&#8221;200px&#8221;][\/vc_column][\/vc_row]\n","protected":false},"excerpt":{"rendered":"<p>[vc_row type=&#8221;in_container&#8221; full_screen_row_position=&#8221;middle&#8221; column_margin=&#8221;default&#8221; column_direction=&#8221;default&#8221; column_direction_tablet=&#8221;default&#8221; column_direction_phone=&#8221;default&#8221; scene_position=&#8221;center&#8221; text_color=&#8221;dark&#8221; text_align=&#8221;left&#8221; row_border_radius=&#8221;none&#8221; row_border_radius_applies=&#8221;bg&#8221; row_position_desktop=&#8221;default&#8221; row_position_tablet=&#8221;inherit&#8221; row_position_phone=&#8221;inherit&#8221; overflow=&#8221;visible&#8221; overlay_strength=&#8221;0.3&#8243; gradient_direction=&#8221;left_to_right&#8221; shape_divider_position=&#8221;bottom&#8221; bg_image_animation=&#8221;none&#8221;][vc_column column_padding=&#8221;no-extra-padding&#8221; column_padding_tablet=&#8221;inherit&#8221; column_padding_phone=&#8221;inherit&#8221; column_padding_position=&#8221;all&#8221; flex_gap_desktop=&#8221;10px&#8221; column_element_direction_desktop=&#8221;default&#8221; column_element_spacing=&#8221;default&#8221; desktop_text_alignment=&#8221;default&#8221; tablet_text_alignment=&#8221;default&#8221; phone_text_alignment=&#8221;default&#8221;&#8230;<\/p>\n","protected":false},"featured_media":864,"comment_status":"closed","ping_status":"closed","template":"","meta":[],"product_brand":[],"product_cat":[44],"product_tag":[],"class_list":{"0":"post-513","1":"product","2":"type-product","3":"status-publish","4":"has-post-thumbnail","6":"product_cat-accessories","7":"product_shipping_class-seat","9":"first","10":"instock","11":"taxable","12":"shipping-taxable","13":"purchasable","14":"product-type-variable","15":"has-default-attributes"},"yoast_head":"<!-- This site is optimized with the Yoast SEO plugin v27.0 - https:\/\/yoast.com\/product\/yoast-seo-wordpress\/ -->\n<title>Seat - Spiritnova | The only saddle that truly cares for your horse\u2019s health<\/title>\n<meta name=\"robots\" content=\"index, follow, max-snippet:-1, max-image-preview:large, max-video-preview:-1\" \/>\n<link rel=\"canonical\" href=\"https:\/\/www.spiritnova.it\/en\/product\/seat\/\" \/>\n<meta property=\"og:locale\" content=\"en_US\" \/>\n<meta property=\"og:type\" content=\"article\" \/>\n<meta property=\"og:title\" content=\"Seat - Spiritnova | The only saddle that truly cares for your horse\u2019s health\" \/>\n<meta property=\"og:description\" content=\"[vc_row type=&#8221;in_container&#8221; full_screen_row_position=&#8221;middle&#8221; column_margin=&#8221;default&#8221; column_direction=&#8221;default&#8221; column_direction_tablet=&#8221;default&#8221; column_direction_phone=&#8221;default&#8221; scene_position=&#8221;center&#8221; text_color=&#8221;dark&#8221; text_align=&#8221;left&#8221; row_border_radius=&#8221;none&#8221; row_border_radius_applies=&#8221;bg&#8221; row_position_desktop=&#8221;default&#8221; row_position_tablet=&#8221;inherit&#8221; row_position_phone=&#8221;inherit&#8221; overflow=&#8221;visible&#8221; overlay_strength=&#8221;0.3&#8243; gradient_direction=&#8221;left_to_right&#8221; shape_divider_position=&#8221;bottom&#8221; bg_image_animation=&#8221;none&#8221;][vc_column column_padding=&#8221;no-extra-padding&#8221; column_padding_tablet=&#8221;inherit&#8221; column_padding_phone=&#8221;inherit&#8221; column_padding_position=&#8221;all&#8221; flex_gap_desktop=&#8221;10px&#8221; column_element_direction_desktop=&#8221;default&#8221; column_element_spacing=&#8221;default&#8221; desktop_text_alignment=&#8221;default&#8221; tablet_text_alignment=&#8221;default&#8221; phone_text_alignment=&#8221;default&#8221;...\" \/>\n<meta property=\"og:url\" content=\"https:\/\/www.spiritnova.it\/en\/product\/seat\/\" \/>\n<meta property=\"og:site_name\" content=\"Spiritnova | The only saddle that truly cares for your horse\u2019s health\" \/>\n<meta property=\"article:publisher\" content=\"https:\/\/www.facebook.com\/spiritnovahorsesaddles\/\" \/>\n<meta property=\"article:modified_time\" content=\"2026-03-31T08:20:23+00:00\" \/>\n<meta property=\"og:image\" content=\"https:\/\/www.spiritnova.it\/wp-content\/uploads\/2026\/01\/01-seggio-made-in-italy-per-sella-da-equitazione-arancione-prima-spiritnova.jpg\" \/>\n\t<meta property=\"og:image:width\" content=\"1200\" \/>\n\t<meta property=\"og:image:height\" content=\"1200\" \/>\n\t<meta property=\"og:image:type\" content=\"image\/jpeg\" \/>\n<meta name=\"twitter:card\" content=\"summary_large_image\" \/>\n<meta name=\"twitter:label1\" content=\"Est. reading time\" \/>\n\t<meta name=\"twitter:data1\" content=\"5 minutes\" \/>\n<script type=\"application\/ld+json\" class=\"yoast-schema-graph\">{\"@context\":\"https:\/\/schema.org\",\"@graph\":[{\"@type\":\"WebPage\",\"@id\":\"https:\/\/www.spiritnova.it\/en\/product\/seat\/\",\"url\":\"https:\/\/www.spiritnova.it\/en\/product\/seat\/\",\"name\":\"Seat - Spiritnova | The only saddle that truly cares for your horse\u2019s health\",\"isPartOf\":{\"@id\":\"https:\/\/www.spiritnova.it\/en\/#website\"},\"primaryImageOfPage\":{\"@id\":\"https:\/\/www.spiritnova.it\/en\/product\/seat\/#primaryimage\"},\"image\":{\"@id\":\"https:\/\/www.spiritnova.it\/en\/product\/seat\/#primaryimage\"},\"thumbnailUrl\":\"https:\/\/www.spiritnova.it\/wp-content\/uploads\/2026\/01\/01-seggio-made-in-italy-per-sella-da-equitazione-arancione-prima-spiritnova.jpg\",\"datePublished\":\"2026-01-13T16:12:38+00:00\",\"dateModified\":\"2026-03-31T08:20:23+00:00\",\"breadcrumb\":{\"@id\":\"https:\/\/www.spiritnova.it\/en\/product\/seat\/#breadcrumb\"},\"inLanguage\":\"en-US\",\"potentialAction\":[{\"@type\":\"ReadAction\",\"target\":[\"https:\/\/www.spiritnova.it\/en\/product\/seat\/\"]}]},{\"@type\":\"ImageObject\",\"inLanguage\":\"en-US\",\"@id\":\"https:\/\/www.spiritnova.it\/en\/product\/seat\/#primaryimage\",\"url\":\"https:\/\/www.spiritnova.it\/wp-content\/uploads\/2026\/01\/01-seggio-made-in-italy-per-sella-da-equitazione-arancione-prima-spiritnova.jpg\",\"contentUrl\":\"https:\/\/www.spiritnova.it\/wp-content\/uploads\/2026\/01\/01-seggio-made-in-italy-per-sella-da-equitazione-arancione-prima-spiritnova.jpg\",\"width\":1200,\"height\":1200,\"caption\":\"01 seggio made in italy per sella da equitazione arancione prima spiritnova\"},{\"@type\":\"BreadcrumbList\",\"@id\":\"https:\/\/www.spiritnova.it\/en\/product\/seat\/#breadcrumb\",\"itemListElement\":[{\"@type\":\"ListItem\",\"position\":1,\"name\":\"Home\",\"item\":\"https:\/\/www.spiritnova.it\/en\/\"},{\"@type\":\"ListItem\",\"position\":2,\"name\":\"Shop\",\"item\":\"https:\/\/www.spiritnova.it\/en\/shop\/\"},{\"@type\":\"ListItem\",\"position\":3,\"name\":\"Seat\"}]},{\"@type\":\"WebSite\",\"@id\":\"https:\/\/www.spiritnova.it\/en\/#website\",\"url\":\"https:\/\/www.spiritnova.it\/en\/\",\"name\":\"Spiritnova | L\u2019unica sella che pensa alla salute del cavallo\",\"description\":\"Spiritnova Prima \u00e8 l&#039;unica sella da equitazione ergonomica, universale, brevettata e sicura che segue il movimento del cavallo durante il movimento garantendo salute, benessere, comfort e prestazione.\",\"publisher\":{\"@id\":\"https:\/\/www.spiritnova.it\/en\/#organization\"},\"potentialAction\":[{\"@type\":\"SearchAction\",\"target\":{\"@type\":\"EntryPoint\",\"urlTemplate\":\"https:\/\/www.spiritnova.it\/en\/?s={search_term_string}\"},\"query-input\":{\"@type\":\"PropertyValueSpecification\",\"valueRequired\":true,\"valueName\":\"search_term_string\"}}],\"inLanguage\":\"en-US\"},{\"@type\":\"Organization\",\"@id\":\"https:\/\/www.spiritnova.it\/en\/#organization\",\"name\":\"Spiritnova | The only saddle that truly cares for your horse\u2019s health\",\"url\":\"https:\/\/www.spiritnova.it\/en\/\",\"logo\":{\"@type\":\"ImageObject\",\"inLanguage\":\"en-US\",\"@id\":\"https:\/\/www.spiritnova.it\/en\/#\/schema\/logo\/image\/\",\"url\":\"https:\/\/www.spiritnova.it\/wp-content\/uploads\/2026\/02\/logo-spiritnova-email.png\",\"contentUrl\":\"https:\/\/www.spiritnova.it\/wp-content\/uploads\/2026\/02\/logo-spiritnova-email.png\",\"width\":310,\"height\":213,\"caption\":\"Spiritnova | The only saddle that truly cares for your horse\u2019s health\"},\"image\":{\"@id\":\"https:\/\/www.spiritnova.it\/en\/#\/schema\/logo\/image\/\"},\"sameAs\":[\"https:\/\/www.facebook.com\/spiritnovahorsesaddles\/\",\"https:\/\/www.instagram.com\/spiritnovahorsesaddles\/\"]}]}<\/script>\n<!-- \/ Yoast SEO plugin. -->","yoast_head_json":{"title":"Seat - Spiritnova | The only saddle that truly cares for your horse\u2019s health","robots":{"index":"index","follow":"follow","max-snippet":"max-snippet:-1","max-image-preview":"max-image-preview:large","max-video-preview":"max-video-preview:-1"},"canonical":"https:\/\/www.spiritnova.it\/en\/product\/seat\/","og_locale":"en_US","og_type":"article","og_title":"Seat - Spiritnova | The only saddle that truly cares for your horse\u2019s health","og_description":"[vc_row type=&#8221;in_container&#8221; full_screen_row_position=&#8221;middle&#8221; column_margin=&#8221;default&#8221; column_direction=&#8221;default&#8221; column_direction_tablet=&#8221;default&#8221; column_direction_phone=&#8221;default&#8221; scene_position=&#8221;center&#8221; text_color=&#8221;dark&#8221; text_align=&#8221;left&#8221; row_border_radius=&#8221;none&#8221; row_border_radius_applies=&#8221;bg&#8221; row_position_desktop=&#8221;default&#8221; row_position_tablet=&#8221;inherit&#8221; row_position_phone=&#8221;inherit&#8221; overflow=&#8221;visible&#8221; overlay_strength=&#8221;0.3&#8243; gradient_direction=&#8221;left_to_right&#8221; shape_divider_position=&#8221;bottom&#8221; bg_image_animation=&#8221;none&#8221;][vc_column column_padding=&#8221;no-extra-padding&#8221; column_padding_tablet=&#8221;inherit&#8221; column_padding_phone=&#8221;inherit&#8221; column_padding_position=&#8221;all&#8221; flex_gap_desktop=&#8221;10px&#8221; column_element_direction_desktop=&#8221;default&#8221; column_element_spacing=&#8221;default&#8221; desktop_text_alignment=&#8221;default&#8221; tablet_text_alignment=&#8221;default&#8221; phone_text_alignment=&#8221;default&#8221;...","og_url":"https:\/\/www.spiritnova.it\/en\/product\/seat\/","og_site_name":"Spiritnova | The only saddle that truly cares for your horse\u2019s health","article_publisher":"https:\/\/www.facebook.com\/spiritnovahorsesaddles\/","article_modified_time":"2026-03-31T08:20:23+00:00","og_image":[{"width":1200,"height":1200,"url":"https:\/\/www.spiritnova.it\/wp-content\/uploads\/2026\/01\/01-seggio-made-in-italy-per-sella-da-equitazione-arancione-prima-spiritnova.jpg","type":"image\/jpeg"}],"twitter_card":"summary_large_image","twitter_misc":{"Est. reading time":"5 minutes"},"schema":{"@context":"https:\/\/schema.org","@graph":[{"@type":"WebPage","@id":"https:\/\/www.spiritnova.it\/en\/product\/seat\/","url":"https:\/\/www.spiritnova.it\/en\/product\/seat\/","name":"Seat - Spiritnova | The only saddle that truly cares for your horse\u2019s health","isPartOf":{"@id":"https:\/\/www.spiritnova.it\/en\/#website"},"primaryImageOfPage":{"@id":"https:\/\/www.spiritnova.it\/en\/product\/seat\/#primaryimage"},"image":{"@id":"https:\/\/www.spiritnova.it\/en\/product\/seat\/#primaryimage"},"thumbnailUrl":"https:\/\/www.spiritnova.it\/wp-content\/uploads\/2026\/01\/01-seggio-made-in-italy-per-sella-da-equitazione-arancione-prima-spiritnova.jpg","datePublished":"2026-01-13T16:12:38+00:00","dateModified":"2026-03-31T08:20:23+00:00","breadcrumb":{"@id":"https:\/\/www.spiritnova.it\/en\/product\/seat\/#breadcrumb"},"inLanguage":"en-US","potentialAction":[{"@type":"ReadAction","target":["https:\/\/www.spiritnova.it\/en\/product\/seat\/"]}]},{"@type":"ImageObject","inLanguage":"en-US","@id":"https:\/\/www.spiritnova.it\/en\/product\/seat\/#primaryimage","url":"https:\/\/www.spiritnova.it\/wp-content\/uploads\/2026\/01\/01-seggio-made-in-italy-per-sella-da-equitazione-arancione-prima-spiritnova.jpg","contentUrl":"https:\/\/www.spiritnova.it\/wp-content\/uploads\/2026\/01\/01-seggio-made-in-italy-per-sella-da-equitazione-arancione-prima-spiritnova.jpg","width":1200,"height":1200,"caption":"01 seggio made in italy per sella da equitazione arancione prima spiritnova"},{"@type":"BreadcrumbList","@id":"https:\/\/www.spiritnova.it\/en\/product\/seat\/#breadcrumb","itemListElement":[{"@type":"ListItem","position":1,"name":"Home","item":"https:\/\/www.spiritnova.it\/en\/"},{"@type":"ListItem","position":2,"name":"Shop","item":"https:\/\/www.spiritnova.it\/en\/shop\/"},{"@type":"ListItem","position":3,"name":"Seat"}]},{"@type":"WebSite","@id":"https:\/\/www.spiritnova.it\/en\/#website","url":"https:\/\/www.spiritnova.it\/en\/","name":"Spiritnova | L\u2019unica sella che pensa alla salute del cavallo","description":"Spiritnova Prima \u00e8 l&#039;unica sella da equitazione ergonomica, universale, brevettata e sicura che segue il movimento del cavallo durante il movimento garantendo salute, benessere, comfort e prestazione.","publisher":{"@id":"https:\/\/www.spiritnova.it\/en\/#organization"},"potentialAction":[{"@type":"SearchAction","target":{"@type":"EntryPoint","urlTemplate":"https:\/\/www.spiritnova.it\/en\/?s={search_term_string}"},"query-input":{"@type":"PropertyValueSpecification","valueRequired":true,"valueName":"search_term_string"}}],"inLanguage":"en-US"},{"@type":"Organization","@id":"https:\/\/www.spiritnova.it\/en\/#organization","name":"Spiritnova | The only saddle that truly cares for your horse\u2019s health","url":"https:\/\/www.spiritnova.it\/en\/","logo":{"@type":"ImageObject","inLanguage":"en-US","@id":"https:\/\/www.spiritnova.it\/en\/#\/schema\/logo\/image\/","url":"https:\/\/www.spiritnova.it\/wp-content\/uploads\/2026\/02\/logo-spiritnova-email.png","contentUrl":"https:\/\/www.spiritnova.it\/wp-content\/uploads\/2026\/02\/logo-spiritnova-email.png","width":310,"height":213,"caption":"Spiritnova | The only saddle that truly cares for your horse\u2019s health"},"image":{"@id":"https:\/\/www.spiritnova.it\/en\/#\/schema\/logo\/image\/"},"sameAs":["https:\/\/www.facebook.com\/spiritnovahorsesaddles\/","https:\/\/www.instagram.com\/spiritnovahorsesaddles\/"]}]}},"_links":{"self":[{"href":"https:\/\/www.spiritnova.it\/en\/wp-json\/wp\/v2\/product\/513","targetHints":{"allow":["GET"]}}],"collection":[{"href":"https:\/\/www.spiritnova.it\/en\/wp-json\/wp\/v2\/product"}],"about":[{"href":"https:\/\/www.spiritnova.it\/en\/wp-json\/wp\/v2\/types\/product"}],"replies":[{"embeddable":true,"href":"https:\/\/www.spiritnova.it\/en\/wp-json\/wp\/v2\/comments?post=513"}],"wp:featuredmedia":[{"embeddable":true,"href":"https:\/\/www.spiritnova.it\/en\/wp-json\/wp\/v2\/media\/864"}],"wp:attachment":[{"href":"https:\/\/www.spiritnova.it\/en\/wp-json\/wp\/v2\/media?parent=513"}],"wp:term":[{"taxonomy":"product_brand","embeddable":true,"href":"https:\/\/www.spiritnova.it\/en\/wp-json\/wp\/v2\/product_brand?post=513"},{"taxonomy":"product_cat","embeddable":true,"href":"https:\/\/www.spiritnova.it\/en\/wp-json\/wp\/v2\/product_cat?post=513"},{"taxonomy":"product_tag","embeddable":true,"href":"https:\/\/www.spiritnova.it\/en\/wp-json\/wp\/v2\/product_tag?post=513"}],"curies":[{"name":"wp","href":"https:\/\/api.w.org\/{rel}","templated":true}]}}