{"id":495,"date":"2026-02-09T22:59:36","date_gmt":"2026-02-09T21:59:36","guid":{"rendered":"https:\/\/www.spiritnova.it\/prodotto\/pads\/"},"modified":"2026-03-23T11:22:43","modified_gmt":"2026-03-23T10:22:43","slug":"pads","status":"publish","type":"product","link":"https:\/\/www.spiritnova.it\/en\/product\/pads\/","title":{"rendered":"Pads"},"content":{"rendered":"[vc_row type=&#8221;in_container&#8221; full_screen_row_position=&#8221;middle&#8221; column_margin=&#8221;default&#8221; column_direction=&#8221;default&#8221; column_direction_tablet=&#8221;default&#8221; column_direction_phone=&#8221;default&#8221; scene_position=&#8221;center&#8221; text_color=&#8221;dark&#8221; text_align=&#8221;left&#8221; row_border_radius=&#8221;none&#8221; row_border_radius_applies=&#8221;bg&#8221; row_position_desktop=&#8221;default&#8221; row_position_tablet=&#8221;inherit&#8221; row_position_phone=&#8221;inherit&#8221; overflow=&#8221;visible&#8221; overlay_strength=&#8221;0.3&#8243; gradient_direction=&#8221;left_to_right&#8221; shape_divider_position=&#8221;bottom&#8221; bg_image_animation=&#8221;none&#8221;][vc_column column_padding=&#8221;no-extra-padding&#8221; column_padding_tablet=&#8221;inherit&#8221; column_padding_phone=&#8221;inherit&#8221; column_padding_position=&#8221;all&#8221; flex_gap_desktop=&#8221;10px&#8221; column_element_direction_desktop=&#8221;default&#8221; column_element_spacing=&#8221;default&#8221; desktop_text_alignment=&#8221;default&#8221; tablet_text_alignment=&#8221;default&#8221; phone_text_alignment=&#8221;default&#8221; background_color_opacity=&#8221;1&#8243; background_hover_color_opacity=&#8221;1&#8243; column_backdrop_filter=&#8221;none&#8221; column_shadow=&#8221;none&#8221; column_border_radius=&#8221;none&#8221; column_link_target=&#8221;_self&#8221; column_position=&#8221;default&#8221; gradient_direction=&#8221;left_to_right&#8221; overlay_strength=&#8221;0.3&#8243; width=&#8221;1\/1&#8243; tablet_width_inherit=&#8221;default&#8221; animation_type=&#8221;default&#8221; bg_image_animation=&#8221;none&#8221; border_type=&#8221;simple&#8221; column_border_width=&#8221;none&#8221; column_border_style=&#8221;solid&#8221;][vc_column_text css=&#8221;&#8221; text_direction=&#8221;default&#8221;]\n<h2><strong>Spiritnova <em>Prima<\/em> pads: adaptability, weight distribution and innovative design<br \/>\n<\/strong><\/h2>\n[\/vc_column_text][vc_column_text css=&#8221;&#8221; text_direction=&#8221;default&#8221;]Spiritnova Prima pads are among the most technological and distinctive elements of our saddle. They represent the direct contact point between the structure and the horse\u2019s back, which is why they have been designed to ensure maximum comfort, adaptability and respect for anatomy.<\/p>\n<p>Each pad features a specially engineered internal core designed to distribute the rider\u2019s weight from a central point across the entire pad surface in a uniform and consistent way, preventing localised pressure overload and significantly improving the horse\u2019s wellbeing during work.<\/p>\n<p>This core is embedded in silicone \u2014 a biocompatible, soft and elastic material \u2014 making the pad highly ergonomic. The result is a surface capable of adapting perfectly to every area of the horse\u2019s back, following its natural shapes without rigidity.<\/p>\n<p>What makes this solution truly innovative is the patented spherical joint integrated within the pad, allowing continuous dynamic adhesion. The pads follow the horse during locomotion, maintaining constant weight distribution even in motion. This enables the Spiritnova Prima saddle to work in harmony with the horse rather than opposing its movement.<\/p>\n<p>Spiritnova Prima pads are also easily interchangeable, designed to be quickly removed in case of wear or specific needs, and are washable to ensure long-lasting hygiene, functionality and durability.<\/p>\n<p>La forma dei pad anteriori della sella Spiritnova Prima \u00e8 stata studiata per posizionarsi appena <strong>dietro la scapola<\/strong>, senza sovrapporsi ad essa. Questo design consente di mantenere il <strong>muscolo trapezio<\/strong> del cavallo completamente libero da pressioni e lascia alla scapola tutto lo spazio necessario per muoversi naturalmente: durante ogni passo, infatti, la scapola ruota, si solleva e arretra, e la sella \u00e8 progettata per accompagnare questo movimento senza interferenze. <\/p>\n<p>Their design is unique and innovative, entirely developed by us and perfectly aligned with the Spiritnova philosophy: combining advanced technology, respect for the animal and aesthetics within a coherent and revolutionary construction system.[\/vc_column_text][divider line_type=&#8221;No Line&#8221; custom_height=&#8221;80px&#8221;][vc_row_inner equal_height=&#8221;yes&#8221; column_margin=&#8221;50px&#8221; column_direction=&#8221;default&#8221; column_direction_tablet=&#8221;default&#8221; column_direction_phone=&#8221;default&#8221; text_align=&#8221;left&#8221; row_position=&#8221;default&#8221; row_position_tablet=&#8221;inherit&#8221; row_position_phone=&#8221;inherit&#8221; overflow=&#8221;visible&#8221; pointer_events=&#8221;all&#8221;][vc_column_inner column_padding=&#8221;padding-3-percent&#8221; column_padding_tablet=&#8221;padding-5-percent&#8221; column_padding_phone=&#8221;padding-5-percent&#8221; column_padding_position=&#8221;all&#8221; column_element_direction_desktop=&#8221;default&#8221; column_element_spacing=&#8221;default&#8221; desktop_text_alignment=&#8221;default&#8221; tablet_text_alignment=&#8221;default&#8221; phone_text_alignment=&#8221;default&#8221; background_color=&#8221;#FBF5EE&#8221; background_color_opacity=&#8221;1&#8243; background_hover_color_opacity=&#8221;1&#8243; column_backdrop_filter=&#8221;none&#8221; column_shadow=&#8221;none&#8221; column_border_radius=&#8221;15px&#8221; column_link_target=&#8221;_self&#8221; overflow=&#8221;visible&#8221; gradient_direction=&#8221;left_to_right&#8221; overlay_strength=&#8221;0.3&#8243; width=&#8221;1\/2&#8243; tablet_width_inherit=&#8221;default&#8221; animation_type=&#8221;default&#8221; bg_image_animation=&#8221;none&#8221; border_type=&#8221;simple&#8221; column_border_width=&#8221;none&#8221; column_border_style=&#8221;solid&#8221; column_padding_type=&#8221;default&#8221; content_layout=&#8221;default&#8221; gradient_type=&#8221;default&#8221;][image_with_animation image_url=&#8221;340&#8243; image_size=&#8221;full&#8221; max_width=&#8221;100%&#8221; max_width_mobile=&#8221;default&#8221; animation_type=&#8221;entrance&#8221; animation=&#8221;None&#8221; animation_movement_type=&#8221;transform_y&#8221; hover_animation=&#8221;none&#8221; alignment=&#8221;right&#8221; border_radius=&#8221;none&#8221; box_shadow=&#8221;none&#8221; image_loading=&#8221;default&#8221; el_class=&#8221;made-in-italy&#8221;][vc_column_text css=&#8221;&#8221; text_direction=&#8221;default&#8221;]\n<h3><strong>Italian Craftsmanship<\/strong><\/h3>\n[\/vc_column_text][vc_column_text css=&#8221;&#8221; text_direction=&#8221;default&#8221;]Spiritnova Prima is entirely produced in Italy, with leather components handcrafted in the province of Vicenza. Every detail results from the meeting of manufacturing tradition and innovative engineering.<\/p>\n<blockquote><p><strong>Ogni sella \u00e8 un pezzo unico<\/strong><\/p><\/blockquote>\n<p>Ogni Spiritnova Prima \u00e8 contrassegnata da un numero seriale impresso nella pelle del seggio: un segno di tracciabilit\u00e0, autenticit\u00e0 e valore artigianale.<br data-start=\"432\" data-end=\"435\">Ogni sella \u00e8 realizzata a mano e identificata come pezzo unico, pensata per accompagnare cavallo e cavaliere nel tempo.[\/vc_column_text][\/vc_column_inner][vc_column_inner column_padding=&#8221;padding-3-percent&#8221; column_padding_tablet=&#8221;padding-5-percent&#8221; column_padding_phone=&#8221;padding-5-percent&#8221; column_padding_position=&#8221;all&#8221; column_element_direction_desktop=&#8221;default&#8221; column_element_spacing=&#8221;default&#8221; desktop_text_alignment=&#8221;default&#8221; tablet_text_alignment=&#8221;default&#8221; phone_text_alignment=&#8221;default&#8221; background_color=&#8221;#EB6025&#8243; background_color_opacity=&#8221;1&#8243; background_hover_color_opacity=&#8221;1&#8243; column_backdrop_filter=&#8221;none&#8221; font_color=&#8221;#FFFFFF&#8221; column_shadow=&#8221;none&#8221; column_border_radius=&#8221;15px&#8221; column_link_target=&#8221;_self&#8221; overflow=&#8221;visible&#8221; gradient_direction=&#8221;left_to_right&#8221; overlay_strength=&#8221;0.3&#8243; width=&#8221;1\/2&#8243; tablet_width_inherit=&#8221;default&#8221; animation_type=&#8221;default&#8221; bg_image_animation=&#8221;none&#8221; border_type=&#8221;simple&#8221; column_border_width=&#8221;none&#8221; column_border_style=&#8221;solid&#8221; column_padding_type=&#8221;default&#8221; content_layout=&#8221;default&#8221; gradient_type=&#8221;default&#8221;][vc_column_text css=&#8221;&#8221; text_direction=&#8221;default&#8221;]\n<h3>The set includes<\/h3>\n<ul>\n<li>6 black pads<\/li>\n<\/ul>\n<h3><strong>Warranty<\/strong><\/h3>\n<p>2 years from purchase[\/vc_column_text][nectar_btn size=&#8221;jumbo&#8221; open_new_tab=&#8221;true&#8221; button_style=&#8221;regular&#8221; button_color_2=&#8221;Extra-Color-2&#8243; icon_family=&#8221;fontawesome&#8221; url=&#8221;https:\/\/www.spiritnova.it\/wp-content\/uploads\/2026\/03\/IT-manuale-cura-e-manutenzione-selle-spiritnova.pdf&#8221; text=&#8221;Maintenance and Care Guide&#8221; css_animation=&#8221;zoomIn&#8221; icon_fontawesome=&#8221;fa fa-file-pdf-o&#8221;][\/vc_column_inner][\/vc_row_inner][divider line_type=&#8221;Full Width Line&#8221; line_thickness=&#8221;5&#8243; divider_color=&#8221;extra-color-1&#8243; animate=&#8221;yes&#8221; custom_height=&#8221;200px&#8221;][\/vc_column][\/vc_row]\n","protected":false},"excerpt":{"rendered":"<p>[vc_row type=&#8221;in_container&#8221; full_screen_row_position=&#8221;middle&#8221; column_margin=&#8221;default&#8221; column_direction=&#8221;default&#8221; column_direction_tablet=&#8221;default&#8221; column_direction_phone=&#8221;default&#8221; scene_position=&#8221;center&#8221; text_color=&#8221;dark&#8221; text_align=&#8221;left&#8221; row_border_radius=&#8221;none&#8221; row_border_radius_applies=&#8221;bg&#8221; row_position_desktop=&#8221;default&#8221; row_position_tablet=&#8221;inherit&#8221; row_position_phone=&#8221;inherit&#8221; overflow=&#8221;visible&#8221; overlay_strength=&#8221;0.3&#8243; gradient_direction=&#8221;left_to_right&#8221; shape_divider_position=&#8221;bottom&#8221; bg_image_animation=&#8221;none&#8221;][vc_column column_padding=&#8221;no-extra-padding&#8221; column_padding_tablet=&#8221;inherit&#8221; column_padding_phone=&#8221;inherit&#8221; column_padding_position=&#8221;all&#8221; flex_gap_desktop=&#8221;10px&#8221; column_element_direction_desktop=&#8221;default&#8221; column_element_spacing=&#8221;default&#8221; desktop_text_alignment=&#8221;default&#8221; tablet_text_alignment=&#8221;default&#8221; phone_text_alignment=&#8221;default&#8221;&#8230;<\/p>\n","protected":false},"featured_media":750,"comment_status":"closed","ping_status":"closed","template":"","meta":[],"product_brand":[],"product_cat":[44],"product_tag":[],"class_list":{"0":"post-495","1":"product","2":"type-product","3":"status-publish","4":"has-post-thumbnail","6":"product_cat-accessories","7":"product_shipping_class-pad","9":"first","10":"instock","11":"taxable","12":"shipping-taxable","13":"purchasable","14":"product-type-simple"},"yoast_head":"<!-- This site is optimized with the Yoast SEO plugin v27.0 - https:\/\/yoast.com\/product\/yoast-seo-wordpress\/ -->\n<title>Pads - Spiritnova | The only saddle that truly cares for your horse\u2019s health<\/title>\n<meta name=\"robots\" content=\"index, follow, max-snippet:-1, max-image-preview:large, max-video-preview:-1\" \/>\n<link rel=\"canonical\" href=\"https:\/\/www.spiritnova.it\/en\/product\/pads\/\" \/>\n<meta property=\"og:locale\" content=\"en_US\" \/>\n<meta property=\"og:type\" content=\"article\" \/>\n<meta property=\"og:title\" content=\"Pads - Spiritnova | The only saddle that truly cares for your horse\u2019s health\" \/>\n<meta property=\"og:description\" content=\"[vc_row type=&#8221;in_container&#8221; full_screen_row_position=&#8221;middle&#8221; column_margin=&#8221;default&#8221; column_direction=&#8221;default&#8221; column_direction_tablet=&#8221;default&#8221; column_direction_phone=&#8221;default&#8221; scene_position=&#8221;center&#8221; text_color=&#8221;dark&#8221; text_align=&#8221;left&#8221; row_border_radius=&#8221;none&#8221; row_border_radius_applies=&#8221;bg&#8221; row_position_desktop=&#8221;default&#8221; row_position_tablet=&#8221;inherit&#8221; row_position_phone=&#8221;inherit&#8221; overflow=&#8221;visible&#8221; overlay_strength=&#8221;0.3&#8243; gradient_direction=&#8221;left_to_right&#8221; shape_divider_position=&#8221;bottom&#8221; bg_image_animation=&#8221;none&#8221;][vc_column column_padding=&#8221;no-extra-padding&#8221; column_padding_tablet=&#8221;inherit&#8221; column_padding_phone=&#8221;inherit&#8221; column_padding_position=&#8221;all&#8221; flex_gap_desktop=&#8221;10px&#8221; column_element_direction_desktop=&#8221;default&#8221; column_element_spacing=&#8221;default&#8221; desktop_text_alignment=&#8221;default&#8221; tablet_text_alignment=&#8221;default&#8221; phone_text_alignment=&#8221;default&#8221;...\" \/>\n<meta property=\"og:url\" content=\"https:\/\/www.spiritnova.it\/en\/product\/pads\/\" \/>\n<meta property=\"og:site_name\" content=\"Spiritnova | The only saddle that truly cares for your horse\u2019s health\" \/>\n<meta property=\"article:publisher\" content=\"https:\/\/www.facebook.com\/spiritnovahorsesaddles\/\" \/>\n<meta property=\"article:modified_time\" content=\"2026-03-23T10:22:43+00:00\" \/>\n<meta property=\"og:image\" content=\"https:\/\/www.spiritnova.it\/wp-content\/uploads\/2026\/02\/03-pads-per-sella-da-equitazione-prima-spiritnova.jpg\" \/>\n\t<meta property=\"og:image:width\" content=\"1200\" \/>\n\t<meta property=\"og:image:height\" content=\"1200\" \/>\n\t<meta property=\"og:image:type\" content=\"image\/jpeg\" \/>\n<meta name=\"twitter:card\" content=\"summary_large_image\" \/>\n<meta name=\"twitter:label1\" content=\"Est. reading time\" \/>\n\t<meta name=\"twitter:data1\" content=\"5 minutes\" \/>\n<script type=\"application\/ld+json\" class=\"yoast-schema-graph\">{\"@context\":\"https:\/\/schema.org\",\"@graph\":[{\"@type\":\"WebPage\",\"@id\":\"https:\/\/www.spiritnova.it\/en\/product\/pads\/\",\"url\":\"https:\/\/www.spiritnova.it\/en\/product\/pads\/\",\"name\":\"Pads - Spiritnova | The only saddle that truly cares for your horse\u2019s health\",\"isPartOf\":{\"@id\":\"https:\/\/www.spiritnova.it\/en\/#website\"},\"primaryImageOfPage\":{\"@id\":\"https:\/\/www.spiritnova.it\/en\/product\/pads\/#primaryimage\"},\"image\":{\"@id\":\"https:\/\/www.spiritnova.it\/en\/product\/pads\/#primaryimage\"},\"thumbnailUrl\":\"https:\/\/www.spiritnova.it\/wp-content\/uploads\/2026\/02\/03-pads-per-sella-da-equitazione-prima-spiritnova.jpg\",\"datePublished\":\"2026-02-09T21:59:36+00:00\",\"dateModified\":\"2026-03-23T10:22:43+00:00\",\"breadcrumb\":{\"@id\":\"https:\/\/www.spiritnova.it\/en\/product\/pads\/#breadcrumb\"},\"inLanguage\":\"en-US\",\"potentialAction\":[{\"@type\":\"ReadAction\",\"target\":[\"https:\/\/www.spiritnova.it\/en\/product\/pads\/\"]}]},{\"@type\":\"ImageObject\",\"inLanguage\":\"en-US\",\"@id\":\"https:\/\/www.spiritnova.it\/en\/product\/pads\/#primaryimage\",\"url\":\"https:\/\/www.spiritnova.it\/wp-content\/uploads\/2026\/02\/03-pads-per-sella-da-equitazione-prima-spiritnova.jpg\",\"contentUrl\":\"https:\/\/www.spiritnova.it\/wp-content\/uploads\/2026\/02\/03-pads-per-sella-da-equitazione-prima-spiritnova.jpg\",\"width\":1200,\"height\":1200,\"caption\":\"03 pads per sella da equitazione prima spiritnova\"},{\"@type\":\"BreadcrumbList\",\"@id\":\"https:\/\/www.spiritnova.it\/en\/product\/pads\/#breadcrumb\",\"itemListElement\":[{\"@type\":\"ListItem\",\"position\":1,\"name\":\"Home\",\"item\":\"https:\/\/www.spiritnova.it\/en\/\"},{\"@type\":\"ListItem\",\"position\":2,\"name\":\"Shop\",\"item\":\"https:\/\/www.spiritnova.it\/en\/shop\/\"},{\"@type\":\"ListItem\",\"position\":3,\"name\":\"Pads\"}]},{\"@type\":\"WebSite\",\"@id\":\"https:\/\/www.spiritnova.it\/en\/#website\",\"url\":\"https:\/\/www.spiritnova.it\/en\/\",\"name\":\"Spiritnova | L\u2019unica sella che pensa alla salute del cavallo\",\"description\":\"Spiritnova Prima \u00e8 l&#039;unica sella da equitazione ergonomica, universale, brevettata e sicura che segue il movimento del cavallo durante il movimento garantendo salute, benessere, comfort e prestazione.\",\"publisher\":{\"@id\":\"https:\/\/www.spiritnova.it\/en\/#organization\"},\"potentialAction\":[{\"@type\":\"SearchAction\",\"target\":{\"@type\":\"EntryPoint\",\"urlTemplate\":\"https:\/\/www.spiritnova.it\/en\/?s={search_term_string}\"},\"query-input\":{\"@type\":\"PropertyValueSpecification\",\"valueRequired\":true,\"valueName\":\"search_term_string\"}}],\"inLanguage\":\"en-US\"},{\"@type\":\"Organization\",\"@id\":\"https:\/\/www.spiritnova.it\/en\/#organization\",\"name\":\"Spiritnova | The only saddle that truly cares for your horse\u2019s health\",\"url\":\"https:\/\/www.spiritnova.it\/en\/\",\"logo\":{\"@type\":\"ImageObject\",\"inLanguage\":\"en-US\",\"@id\":\"https:\/\/www.spiritnova.it\/en\/#\/schema\/logo\/image\/\",\"url\":\"https:\/\/www.spiritnova.it\/wp-content\/uploads\/2026\/02\/logo-spiritnova-email.png\",\"contentUrl\":\"https:\/\/www.spiritnova.it\/wp-content\/uploads\/2026\/02\/logo-spiritnova-email.png\",\"width\":310,\"height\":213,\"caption\":\"Spiritnova | The only saddle that truly cares for your horse\u2019s health\"},\"image\":{\"@id\":\"https:\/\/www.spiritnova.it\/en\/#\/schema\/logo\/image\/\"},\"sameAs\":[\"https:\/\/www.facebook.com\/spiritnovahorsesaddles\/\",\"https:\/\/www.instagram.com\/spiritnovahorsesaddles\/\"]}]}<\/script>\n<!-- \/ Yoast SEO plugin. -->","yoast_head_json":{"title":"Pads - Spiritnova | The only saddle that truly cares for your horse\u2019s health","robots":{"index":"index","follow":"follow","max-snippet":"max-snippet:-1","max-image-preview":"max-image-preview:large","max-video-preview":"max-video-preview:-1"},"canonical":"https:\/\/www.spiritnova.it\/en\/product\/pads\/","og_locale":"en_US","og_type":"article","og_title":"Pads - Spiritnova | The only saddle that truly cares for your horse\u2019s health","og_description":"[vc_row type=&#8221;in_container&#8221; full_screen_row_position=&#8221;middle&#8221; column_margin=&#8221;default&#8221; column_direction=&#8221;default&#8221; column_direction_tablet=&#8221;default&#8221; column_direction_phone=&#8221;default&#8221; scene_position=&#8221;center&#8221; text_color=&#8221;dark&#8221; text_align=&#8221;left&#8221; row_border_radius=&#8221;none&#8221; row_border_radius_applies=&#8221;bg&#8221; row_position_desktop=&#8221;default&#8221; row_position_tablet=&#8221;inherit&#8221; row_position_phone=&#8221;inherit&#8221; overflow=&#8221;visible&#8221; overlay_strength=&#8221;0.3&#8243; gradient_direction=&#8221;left_to_right&#8221; shape_divider_position=&#8221;bottom&#8221; bg_image_animation=&#8221;none&#8221;][vc_column column_padding=&#8221;no-extra-padding&#8221; column_padding_tablet=&#8221;inherit&#8221; column_padding_phone=&#8221;inherit&#8221; column_padding_position=&#8221;all&#8221; flex_gap_desktop=&#8221;10px&#8221; column_element_direction_desktop=&#8221;default&#8221; column_element_spacing=&#8221;default&#8221; desktop_text_alignment=&#8221;default&#8221; tablet_text_alignment=&#8221;default&#8221; phone_text_alignment=&#8221;default&#8221;...","og_url":"https:\/\/www.spiritnova.it\/en\/product\/pads\/","og_site_name":"Spiritnova | The only saddle that truly cares for your horse\u2019s health","article_publisher":"https:\/\/www.facebook.com\/spiritnovahorsesaddles\/","article_modified_time":"2026-03-23T10:22:43+00:00","og_image":[{"width":1200,"height":1200,"url":"https:\/\/www.spiritnova.it\/wp-content\/uploads\/2026\/02\/03-pads-per-sella-da-equitazione-prima-spiritnova.jpg","type":"image\/jpeg"}],"twitter_card":"summary_large_image","twitter_misc":{"Est. reading time":"5 minutes"},"schema":{"@context":"https:\/\/schema.org","@graph":[{"@type":"WebPage","@id":"https:\/\/www.spiritnova.it\/en\/product\/pads\/","url":"https:\/\/www.spiritnova.it\/en\/product\/pads\/","name":"Pads - Spiritnova | The only saddle that truly cares for your horse\u2019s health","isPartOf":{"@id":"https:\/\/www.spiritnova.it\/en\/#website"},"primaryImageOfPage":{"@id":"https:\/\/www.spiritnova.it\/en\/product\/pads\/#primaryimage"},"image":{"@id":"https:\/\/www.spiritnova.it\/en\/product\/pads\/#primaryimage"},"thumbnailUrl":"https:\/\/www.spiritnova.it\/wp-content\/uploads\/2026\/02\/03-pads-per-sella-da-equitazione-prima-spiritnova.jpg","datePublished":"2026-02-09T21:59:36+00:00","dateModified":"2026-03-23T10:22:43+00:00","breadcrumb":{"@id":"https:\/\/www.spiritnova.it\/en\/product\/pads\/#breadcrumb"},"inLanguage":"en-US","potentialAction":[{"@type":"ReadAction","target":["https:\/\/www.spiritnova.it\/en\/product\/pads\/"]}]},{"@type":"ImageObject","inLanguage":"en-US","@id":"https:\/\/www.spiritnova.it\/en\/product\/pads\/#primaryimage","url":"https:\/\/www.spiritnova.it\/wp-content\/uploads\/2026\/02\/03-pads-per-sella-da-equitazione-prima-spiritnova.jpg","contentUrl":"https:\/\/www.spiritnova.it\/wp-content\/uploads\/2026\/02\/03-pads-per-sella-da-equitazione-prima-spiritnova.jpg","width":1200,"height":1200,"caption":"03 pads per sella da equitazione prima spiritnova"},{"@type":"BreadcrumbList","@id":"https:\/\/www.spiritnova.it\/en\/product\/pads\/#breadcrumb","itemListElement":[{"@type":"ListItem","position":1,"name":"Home","item":"https:\/\/www.spiritnova.it\/en\/"},{"@type":"ListItem","position":2,"name":"Shop","item":"https:\/\/www.spiritnova.it\/en\/shop\/"},{"@type":"ListItem","position":3,"name":"Pads"}]},{"@type":"WebSite","@id":"https:\/\/www.spiritnova.it\/en\/#website","url":"https:\/\/www.spiritnova.it\/en\/","name":"Spiritnova | L\u2019unica sella che pensa alla salute del cavallo","description":"Spiritnova Prima \u00e8 l&#039;unica sella da equitazione ergonomica, universale, brevettata e sicura che segue il movimento del cavallo durante il movimento garantendo salute, benessere, comfort e prestazione.","publisher":{"@id":"https:\/\/www.spiritnova.it\/en\/#organization"},"potentialAction":[{"@type":"SearchAction","target":{"@type":"EntryPoint","urlTemplate":"https:\/\/www.spiritnova.it\/en\/?s={search_term_string}"},"query-input":{"@type":"PropertyValueSpecification","valueRequired":true,"valueName":"search_term_string"}}],"inLanguage":"en-US"},{"@type":"Organization","@id":"https:\/\/www.spiritnova.it\/en\/#organization","name":"Spiritnova | The only saddle that truly cares for your horse\u2019s health","url":"https:\/\/www.spiritnova.it\/en\/","logo":{"@type":"ImageObject","inLanguage":"en-US","@id":"https:\/\/www.spiritnova.it\/en\/#\/schema\/logo\/image\/","url":"https:\/\/www.spiritnova.it\/wp-content\/uploads\/2026\/02\/logo-spiritnova-email.png","contentUrl":"https:\/\/www.spiritnova.it\/wp-content\/uploads\/2026\/02\/logo-spiritnova-email.png","width":310,"height":213,"caption":"Spiritnova | The only saddle that truly cares for your horse\u2019s health"},"image":{"@id":"https:\/\/www.spiritnova.it\/en\/#\/schema\/logo\/image\/"},"sameAs":["https:\/\/www.facebook.com\/spiritnovahorsesaddles\/","https:\/\/www.instagram.com\/spiritnovahorsesaddles\/"]}]}},"_links":{"self":[{"href":"https:\/\/www.spiritnova.it\/en\/wp-json\/wp\/v2\/product\/495","targetHints":{"allow":["GET"]}}],"collection":[{"href":"https:\/\/www.spiritnova.it\/en\/wp-json\/wp\/v2\/product"}],"about":[{"href":"https:\/\/www.spiritnova.it\/en\/wp-json\/wp\/v2\/types\/product"}],"replies":[{"embeddable":true,"href":"https:\/\/www.spiritnova.it\/en\/wp-json\/wp\/v2\/comments?post=495"}],"wp:featuredmedia":[{"embeddable":true,"href":"https:\/\/www.spiritnova.it\/en\/wp-json\/wp\/v2\/media\/750"}],"wp:attachment":[{"href":"https:\/\/www.spiritnova.it\/en\/wp-json\/wp\/v2\/media?parent=495"}],"wp:term":[{"taxonomy":"product_brand","embeddable":true,"href":"https:\/\/www.spiritnova.it\/en\/wp-json\/wp\/v2\/product_brand?post=495"},{"taxonomy":"product_cat","embeddable":true,"href":"https:\/\/www.spiritnova.it\/en\/wp-json\/wp\/v2\/product_cat?post=495"},{"taxonomy":"product_tag","embeddable":true,"href":"https:\/\/www.spiritnova.it\/en\/wp-json\/wp\/v2\/product_tag?post=495"}],"curies":[{"name":"wp","href":"https:\/\/api.w.org\/{rel}","templated":true}]}}